{"id":4773,"date":"2021-03-26T16:28:37","date_gmt":"2021-03-26T15:28:37","guid":{"rendered":"https:\/\/doctorfibs2.demo.enigma.misterketing.it\/politica-de-privacidad\/"},"modified":"2021-05-03T15:17:28","modified_gmt":"2021-05-03T13:17:28","slug":"privacy-policy","status":"publish","type":"page","link":"https:\/\/doctorfibs2.demo.kundera.misterketing.it\/es\/privacy-policy\/","title":{"rendered":"Privacy policy"},"content":{"rendered":"\t\t<div data-elementor-type=\"wp-page\" data-elementor-id=\"4773\" class=\"elementor elementor-4773 elementor-3\">\n\t\t\t\t\t\t\t\t\t<section data-particle_enable=\"false\" data-particle-mobile-disabled=\"false\" class=\"elementor-section elementor-top-section elementor-element elementor-element-410a29ad elementor-section-boxed elementor-section-height-default elementor-section-height-default\" data-id=\"410a29ad\" data-element_type=\"section\">\n\t\t\t\t\t\t<div class=\"elementor-container elementor-column-gap-default\">\n\t\t\t\t\t<div class=\"elementor-column elementor-col-100 elementor-top-column elementor-element elementor-element-7a46bcbb\" data-id=\"7a46bcbb\" data-element_type=\"column\">\n\t\t\t<div class=\"elementor-widget-wrap elementor-element-populated\">\n\t\t\t\t\t\t\t\t<div class=\"elementor-element elementor-element-5233f021 elementor-widget elementor-widget-text-editor\" data-id=\"5233f021\" data-element_type=\"widget\" data-widget_type=\"text-editor.default\">\n\t\t\t\t<div class=\"elementor-widget-container\">\n\t\t\t\t\t\t\t<p>Quienes somos<br \/>\nLa direcci\u00f3n de nuestro sitio web es: http:\/\/sph.48c.myftpupload.com.<\/p>\n<p>Qu\u00e9 datos personales recopilamos y por qu\u00e9 los recopilamos<br \/>\nComentarios<br \/>\nCuando los visitantes dejan comentarios en el sitio, recopilamos los datos que se muestran en el formulario de comentarios, as\u00ed como la direcci\u00f3n IP del visitante y la cadena del agente de usuario del navegador para facilitar la detecci\u00f3n de spam.<\/p>\n<p>Se puede proporcionar una cadena an\u00f3nima creada a partir de su direcci\u00f3n de correo electr\u00f3nico (tambi\u00e9n llamada hash) al servicio Gravatar para ver si la est\u00e1 utilizando. La pol\u00edtica de privacidad del servicio Gravatar est\u00e1 disponible aqu\u00ed: https:\/\/automattic.com\/privacy\/. Una vez que se aprueba su comentario, su foto de perfil es visible para el p\u00fablico en el contexto de su comentario.<\/p>\n<p>Promedio<br \/>\nSi carga im\u00e1genes en el sitio web, debe evitar cargar im\u00e1genes que incluyan datos de ubicaci\u00f3n incrustados (GPS EXIF). Los visitantes del sitio web pueden descargar y extraer los datos de ubicaci\u00f3n de las im\u00e1genes del sitio web.<\/p>\n<p>Formulario de contacto<br \/>\nGalleta<br \/>\nSi deja un comentario en nuestro sitio, puede optar por guardar su nombre, direcci\u00f3n de correo electr\u00f3nico y sitio web en cookies. Se utilizan para su conveniencia para que no tenga que volver a ingresar sus datos cuando deje otro comentario. Estas cookies durar\u00e1n un a\u00f1o.<\/p>\n<p>Si visita la p\u00e1gina de inicio de sesi\u00f3n, se establecer\u00e1 una cookie temporal para determinar si su navegador acepta cookies. Esta cookie no contiene datos personales y se elimina cuando cierra su navegador.<\/p>\n<p>Cuando inicie sesi\u00f3n, se establecer\u00e1n varias cookies para guardar su informaci\u00f3n de inicio de sesi\u00f3n y las opciones de visualizaci\u00f3n de su pantalla. Las cookies de inicio de sesi\u00f3n duran dos d\u00edas y las cookies de opciones de pantalla duran un a\u00f1o. Si selecciona \u00abRecordarme\u00bb, su inicio de sesi\u00f3n se mantendr\u00e1 durante dos semanas. Si cierra sesi\u00f3n en su cuenta, se eliminar\u00e1n las cookies de inicio de sesi\u00f3n.<\/p>\n<p>Si edita o publica un art\u00edculo, se guardar\u00e1 una cookie adicional en su navegador. Esta cookie no incluye datos personales, sino que simplemente indica el ID del art\u00edculo reci\u00e9n editado. Caduca despu\u00e9s de 1 d\u00eda.<\/p>\n<p>Contenido incrustado de otros sitios web<br \/>\nLos art\u00edculos de este sitio pueden incluir contenido incrustado (por ejemplo, videos, im\u00e1genes, art\u00edculos, etc.). El contenido incrustado de otros sitios web se comporta exactamente de la misma manera que si el visitante hubiera visitado el otro sitio web.<\/p>\n<p>Estos sitios web pueden recopilar datos sobre usted, usar cookies, integrar un seguimiento adicional de terceros y monitorear su interacci\u00f3n con ellos, incluido el seguimiento de su interacci\u00f3n con el contenido incrustado si tiene una cuenta y est\u00e1 conectado a esos sitios web.<\/p>\n<p>Anal\u00edtica<br \/>\nCon qui\u00e9n compartimos sus datos<br \/>\nSi solicita un restablecimiento de contrase\u00f1a, su direcci\u00f3n IP se incluir\u00e1 en el correo electr\u00f3nico de restablecimiento.<\/p>\n<p>\u00bfCu\u00e1nto tiempo conservamos sus datos?<br \/>\nSi deja un comentario, el comentario y sus metadatos se guardan indefinidamente. As\u00ed es como podemos reconocer y aprobar autom\u00e1ticamente cualquier comentario posterior en lugar de mantenerlos en una cola de moderaci\u00f3n.<\/p>\n<p>Para los usuarios que se registran en nuestro sitio web (si corresponde), tambi\u00e9n almacenamos la informaci\u00f3n personal que proporcionan en su perfil de usuario. Todos los usuarios pueden ver, editar o eliminar su informaci\u00f3n personal en cualquier momento (excepto su nombre de usuario, que no pueden cambiar). Los administradores del sitio web tambi\u00e9n pueden ver y editar esta informaci\u00f3n.<\/p>\n<p>Que derechos tienes sobre tus datos<br \/>\nSi tiene una cuenta en este sitio o ha dejado comentarios, puede solicitar recibir un archivo exportado desde el sitio con los datos personales que tenemos sobre usted, incluidos los datos que nos haya proporcionado. Tambi\u00e9n puede solicitar que eliminemos todos los datos personales que le conciernen. Esto no incluye ning\u00fan dato que estemos obligados a conservar con fines administrativos, legales o de seguridad.<\/p>\n<p>A donde enviamos sus datos<br \/>\nLos comentarios de los visitantes se pueden verificar a trav\u00e9s de un servicio autom\u00e1tico de detecci\u00f3n de spam.<\/p>\n<p>Tu informaci\u00f3n de contacto<br \/>\nInformaci\u00f3n adicional<br \/>\nC\u00f3mo protegemos sus datos<br \/>\nQu\u00e9 procedimientos tenemos implementados para prevenir violaciones de datos<br \/>\nDe qu\u00e9 terceros recibimos datos<br \/>\nQu\u00e9 toma de decisiones automatizada y \/ o elaboraci\u00f3n de perfiles hacemos con los datos del usuario<br \/>\nRequisitos de divulgaci\u00f3n reglamentarios de la industria<\/p>\n\t\t\t\t\t\t<\/div>\n\t\t\t\t<\/div>\n\t\t\t\t\t<\/div>\n\t\t<\/div>\n\t\t\t\t\t\t\t<\/div>\n\t\t<\/section>\n\t\t\t\t\t\t\t<\/div>\n\t\t","protected":false},"excerpt":{"rendered":"<p>Quienes somos La direcci\u00f3n de nuestro sitio web es: https:\/\/doctorfibs2.demo.enigma.misterketing.it. Qu\u00e9 datos personales recopilamos y por qu\u00e9 los recopilamos Comentarios Cuando los visitantes dejan comentarios en el sitio, recopilamos los datos que se muestran en el formulario de comentarios, as\u00ed como la direcci\u00f3n IP del visitante y la cadena del agente de usuario del navegador&hellip;<\/p>\n","protected":false},"author":1,"featured_media":0,"parent":0,"menu_order":0,"comment_status":"closed","ping_status":"closed","template":"elementor_header_footer","meta":{"_relevanssi_hide_post":"","_relevanssi_hide_content":"","_relevanssi_pin_for_all":"","_relevanssi_pin_keywords":"","_relevanssi_unpin_keywords":"","_relevanssi_related_keywords":"","_relevanssi_related_include_ids":"","_relevanssi_related_exclude_ids":"","_relevanssi_related_no_append":"","_relevanssi_related_not_related":"","_relevanssi_related_posts":"","_relevanssi_noindex_reason":"","footnotes":""},"yoast_head":"<!-- This site is optimized with the Yoast SEO plugin v21.1 - https:\/\/yoast.com\/wordpress\/plugins\/seo\/ -->\n<title>Privacy policy - Doctor FIBS<\/title>\n<meta name=\"robots\" content=\"noindex, follow, max-snippet:-1, max-image-preview:large, max-video-preview:-1\" \/>\n<meta property=\"og:locale\" content=\"es_ES\" \/>\n<meta property=\"og:type\" content=\"article\" \/>\n<meta property=\"og:title\" content=\"Privacy policy - Doctor FIBS\" \/>\n<meta property=\"og:description\" content=\"Quienes somos La direcci\u00f3n de nuestro sitio web es: https:\/\/doctorfibs2.demo.enigma.misterketing.it. Qu\u00e9 datos personales recopilamos y por qu\u00e9 los recopilamos Comentarios Cuando los visitantes dejan comentarios en el sitio, recopilamos los datos que se muestran en el formulario de comentarios, as\u00ed como la direcci\u00f3n IP del visitante y la cadena del agente de usuario del navegador&hellip;\" \/>\n<meta property=\"og:url\" content=\"https:\/\/doctorfibs2.demo.kundera.misterketing.it\/es\/privacy-policy\/\" \/>\n<meta property=\"og:site_name\" content=\"Doctor FIBS\" \/>\n<meta property=\"article:modified_time\" content=\"2021-05-03T13:17:28+00:00\" \/>\n<meta name=\"twitter:card\" content=\"summary_large_image\" \/>\n<meta name=\"twitter:label1\" content=\"Tiempo de lectura\" \/>\n\t<meta name=\"twitter:data1\" content=\"4 minutos\" \/>\n<script type=\"application\/ld+json\" class=\"yoast-schema-graph\">{\"@context\":\"https:\/\/schema.org\",\"@graph\":[{\"@type\":\"WebPage\",\"@id\":\"https:\/\/doctorfibs2.demo.kundera.misterketing.it\/es\/privacy-policy\/\",\"url\":\"https:\/\/doctorfibs2.demo.kundera.misterketing.it\/es\/privacy-policy\/\",\"name\":\"Privacy policy - Doctor FIBS\",\"isPartOf\":{\"@id\":\"https:\/\/doctorfibs2.demo.kundera.misterketing.it\/#website\"},\"datePublished\":\"2021-03-26T15:28:37+00:00\",\"dateModified\":\"2021-05-03T13:17:28+00:00\",\"breadcrumb\":{\"@id\":\"https:\/\/doctorfibs2.demo.kundera.misterketing.it\/es\/privacy-policy\/#breadcrumb\"},\"inLanguage\":\"es\",\"potentialAction\":[{\"@type\":\"ReadAction\",\"target\":[\"https:\/\/doctorfibs2.demo.kundera.misterketing.it\/es\/privacy-policy\/\"]}]},{\"@type\":\"BreadcrumbList\",\"@id\":\"https:\/\/doctorfibs2.demo.kundera.misterketing.it\/es\/privacy-policy\/#breadcrumb\",\"itemListElement\":[{\"@type\":\"ListItem\",\"position\":1,\"name\":\"Home\",\"item\":\"https:\/\/doctorfibs2.demo.kundera.misterketing.it\/es\/\"},{\"@type\":\"ListItem\",\"position\":2,\"name\":\"Privacy policy\"}]},{\"@type\":\"WebSite\",\"@id\":\"https:\/\/doctorfibs2.demo.kundera.misterketing.it\/#website\",\"url\":\"https:\/\/doctorfibs2.demo.kundera.misterketing.it\/\",\"name\":\"Doctor FIBS\",\"description\":\"Regole Baseball, Softball, Baseball per ciechi, Baseball 5\",\"publisher\":{\"@id\":\"https:\/\/doctorfibs2.demo.kundera.misterketing.it\/#organization\"},\"potentialAction\":[{\"@type\":\"SearchAction\",\"target\":{\"@type\":\"EntryPoint\",\"urlTemplate\":\"https:\/\/doctorfibs2.demo.kundera.misterketing.it\/?s={search_term_string}\"},\"query-input\":\"required name=search_term_string\"}],\"inLanguage\":\"es\"},{\"@type\":\"Organization\",\"@id\":\"https:\/\/doctorfibs2.demo.kundera.misterketing.it\/#organization\",\"name\":\"Doctor FIBS\",\"url\":\"https:\/\/doctorfibs2.demo.kundera.misterketing.it\/\",\"logo\":{\"@type\":\"ImageObject\",\"inLanguage\":\"es\",\"@id\":\"https:\/\/doctorfibs2.demo.kundera.misterketing.it\/#\/schema\/logo\/image\/\",\"url\":\"https:\/\/doctorfibs2.demo.kundera.misterketing.it\/wp-content\/uploads\/2021\/06\/doctorFibs-logo.png\",\"contentUrl\":\"https:\/\/doctorfibs2.demo.kundera.misterketing.it\/wp-content\/uploads\/2021\/06\/doctorFibs-logo.png\",\"width\":250,\"height\":126,\"caption\":\"Doctor FIBS\"},\"image\":{\"@id\":\"https:\/\/doctorfibs2.demo.kundera.misterketing.it\/#\/schema\/logo\/image\/\"}}]}<\/script>\n<!-- \/ Yoast SEO plugin. -->","yoast_head_json":{"title":"Privacy policy - Doctor FIBS","robots":{"index":"noindex","follow":"follow","max-snippet":"max-snippet:-1","max-image-preview":"max-image-preview:large","max-video-preview":"max-video-preview:-1"},"og_locale":"es_ES","og_type":"article","og_title":"Privacy policy - Doctor FIBS","og_description":"Quienes somos La direcci\u00f3n de nuestro sitio web es: https:\/\/doctorfibs2.demo.enigma.misterketing.it. Qu\u00e9 datos personales recopilamos y por qu\u00e9 los recopilamos Comentarios Cuando los visitantes dejan comentarios en el sitio, recopilamos los datos que se muestran en el formulario de comentarios, as\u00ed como la direcci\u00f3n IP del visitante y la cadena del agente de usuario del navegador&hellip;","og_url":"https:\/\/doctorfibs2.demo.kundera.misterketing.it\/es\/privacy-policy\/","og_site_name":"Doctor FIBS","article_modified_time":"2021-05-03T13:17:28+00:00","twitter_card":"summary_large_image","twitter_misc":{"Tiempo de lectura":"4 minutos"},"schema":{"@context":"https:\/\/schema.org","@graph":[{"@type":"WebPage","@id":"https:\/\/doctorfibs2.demo.kundera.misterketing.it\/es\/privacy-policy\/","url":"https:\/\/doctorfibs2.demo.kundera.misterketing.it\/es\/privacy-policy\/","name":"Privacy policy - Doctor FIBS","isPartOf":{"@id":"https:\/\/doctorfibs2.demo.kundera.misterketing.it\/#website"},"datePublished":"2021-03-26T15:28:37+00:00","dateModified":"2021-05-03T13:17:28+00:00","breadcrumb":{"@id":"https:\/\/doctorfibs2.demo.kundera.misterketing.it\/es\/privacy-policy\/#breadcrumb"},"inLanguage":"es","potentialAction":[{"@type":"ReadAction","target":["https:\/\/doctorfibs2.demo.kundera.misterketing.it\/es\/privacy-policy\/"]}]},{"@type":"BreadcrumbList","@id":"https:\/\/doctorfibs2.demo.kundera.misterketing.it\/es\/privacy-policy\/#breadcrumb","itemListElement":[{"@type":"ListItem","position":1,"name":"Home","item":"https:\/\/doctorfibs2.demo.kundera.misterketing.it\/es\/"},{"@type":"ListItem","position":2,"name":"Privacy policy"}]},{"@type":"WebSite","@id":"https:\/\/doctorfibs2.demo.kundera.misterketing.it\/#website","url":"https:\/\/doctorfibs2.demo.kundera.misterketing.it\/","name":"Doctor FIBS","description":"Regole Baseball, Softball, Baseball per ciechi, Baseball 5","publisher":{"@id":"https:\/\/doctorfibs2.demo.kundera.misterketing.it\/#organization"},"potentialAction":[{"@type":"SearchAction","target":{"@type":"EntryPoint","urlTemplate":"https:\/\/doctorfibs2.demo.kundera.misterketing.it\/?s={search_term_string}"},"query-input":"required name=search_term_string"}],"inLanguage":"es"},{"@type":"Organization","@id":"https:\/\/doctorfibs2.demo.kundera.misterketing.it\/#organization","name":"Doctor FIBS","url":"https:\/\/doctorfibs2.demo.kundera.misterketing.it\/","logo":{"@type":"ImageObject","inLanguage":"es","@id":"https:\/\/doctorfibs2.demo.kundera.misterketing.it\/#\/schema\/logo\/image\/","url":"https:\/\/doctorfibs2.demo.kundera.misterketing.it\/wp-content\/uploads\/2021\/06\/doctorFibs-logo.png","contentUrl":"https:\/\/doctorfibs2.demo.kundera.misterketing.it\/wp-content\/uploads\/2021\/06\/doctorFibs-logo.png","width":250,"height":126,"caption":"Doctor FIBS"},"image":{"@id":"https:\/\/doctorfibs2.demo.kundera.misterketing.it\/#\/schema\/logo\/image\/"}}]}},"_links":{"self":[{"href":"https:\/\/doctorfibs2.demo.kundera.misterketing.it\/es\/wp-json\/wp\/v2\/pages\/4773"}],"collection":[{"href":"https:\/\/doctorfibs2.demo.kundera.misterketing.it\/es\/wp-json\/wp\/v2\/pages"}],"about":[{"href":"https:\/\/doctorfibs2.demo.kundera.misterketing.it\/es\/wp-json\/wp\/v2\/types\/page"}],"author":[{"embeddable":true,"href":"https:\/\/doctorfibs2.demo.kundera.misterketing.it\/es\/wp-json\/wp\/v2\/users\/1"}],"replies":[{"embeddable":true,"href":"https:\/\/doctorfibs2.demo.kundera.misterketing.it\/es\/wp-json\/wp\/v2\/comments?post=4773"}],"version-history":[{"count":4,"href":"https:\/\/doctorfibs2.demo.kundera.misterketing.it\/es\/wp-json\/wp\/v2\/pages\/4773\/revisions"}],"predecessor-version":[{"id":11028,"href":"https:\/\/doctorfibs2.demo.kundera.misterketing.it\/es\/wp-json\/wp\/v2\/pages\/4773\/revisions\/11028"}],"wp:attachment":[{"href":"https:\/\/doctorfibs2.demo.kundera.misterketing.it\/es\/wp-json\/wp\/v2\/media?parent=4773"}],"curies":[{"name":"wp","href":"https:\/\/api.w.org\/{rel}","templated":true}]}}