{"id":3931,"date":"2021-03-16T10:12:06","date_gmt":"2021-03-16T09:12:06","guid":{"rendered":"https:\/\/doctorfibs2.demo.enigma.misterketing.it\/log-es\/"},"modified":"2021-12-18T20:56:16","modified_gmt":"2021-12-18T19:56:16","slug":"registrarse","status":"publish","type":"page","link":"https:\/\/doctorfibs2.demo.kundera.misterketing.it\/es\/registrarse\/","title":{"rendered":"Registrarse"},"content":{"rendered":"\t\t<div data-elementor-type=\"wp-page\" data-elementor-id=\"3931\" class=\"elementor elementor-3931 elementor-3255\">\n\t\t\t\t\t\t\t\t\t<section data-particle_enable=\"false\" data-particle-mobile-disabled=\"false\" class=\"elementor-section elementor-top-section elementor-element elementor-element-140ab4b elementor-section-boxed elementor-section-height-default elementor-section-height-default\" data-id=\"140ab4b\" data-element_type=\"section\" data-settings=\"{&quot;background_background&quot;:&quot;classic&quot;}\">\n\t\t\t\t\t\t<div class=\"elementor-container elementor-column-gap-default\">\n\t\t\t\t\t<div class=\"elementor-column elementor-col-100 elementor-top-column elementor-element elementor-element-362286f\" data-id=\"362286f\" data-element_type=\"column\">\n\t\t\t<div class=\"elementor-widget-wrap elementor-element-populated\">\n\t\t\t\t\t\t\t\t<div class=\"elementor-element elementor-element-2f74753 elementor-widget elementor-widget-heading\" data-id=\"2f74753\" data-element_type=\"widget\" data-widget_type=\"heading.default\">\n\t\t\t\t<div class=\"elementor-widget-container\">\n\t\t\t<h1 class=\"elementor-heading-title elementor-size-default\">Doctor FIBS<\/h1>\t\t<\/div>\n\t\t\t\t<\/div>\n\t\t\t\t<div class=\"elementor-element elementor-element-9d4c3fe elementor-widget elementor-widget-text-editor\" data-id=\"9d4c3fe\" data-element_type=\"widget\" data-widget_type=\"text-editor.default\">\n\t\t\t\t<div class=\"elementor-widget-container\">\n\t\t\t\t\t\t\t<p>Manual Electr\u00f3nico Multimedia.<\/p>\n<p>Todo lo que siempre quiso saber sobre b\u00e9isbol, s\u00f3ftbol, \u200b\u200bb\u00e9isbol para ciegos y b\u00e9isbol 5, clasifique el partido,<\/p>\n<p>todo esto al alcance de un solo CLIC.<\/p>\n\t\t\t\t\t\t<\/div>\n\t\t\t\t<\/div>\n\t\t\t\t<div class=\"elementor-element elementor-element-0cff532 elementor-widget elementor-widget-spacer\" data-id=\"0cff532\" data-element_type=\"widget\" data-widget_type=\"spacer.default\">\n\t\t\t\t<div class=\"elementor-widget-container\">\n\t\t\t\t\t<div class=\"elementor-spacer\">\n\t\t\t<div class=\"elementor-spacer-inner\"><\/div>\n\t\t<\/div>\n\t\t\t\t<\/div>\n\t\t\t\t<\/div>\n\t\t\t\t\t<\/div>\n\t\t<\/div>\n\t\t\t\t\t\t\t<\/div>\n\t\t<\/section>\n\t\t\t\t<section data-particle_enable=\"false\" data-particle-mobile-disabled=\"false\" class=\"elementor-section elementor-top-section elementor-element elementor-element-3787293 elementor-hidden-desktop elementor-hidden-tablet elementor-hidden-phone elementor-section-boxed elementor-section-height-default elementor-section-height-default\" data-id=\"3787293\" data-element_type=\"section\" data-settings=\"{&quot;background_background&quot;:&quot;classic&quot;}\">\n\t\t\t\t\t\t<div class=\"elementor-container elementor-column-gap-default\">\n\t\t\t\t\t<div class=\"elementor-column elementor-col-50 elementor-top-column elementor-element elementor-element-ac7cc69\" data-id=\"ac7cc69\" data-element_type=\"column\">\n\t\t\t<div class=\"elementor-widget-wrap elementor-element-populated\">\n\t\t\t\t\t\t\t\t<div class=\"elementor-element elementor-element-3d60d90 elementor-widget elementor-widget-heading\" data-id=\"3d60d90\" data-element_type=\"widget\" data-widget_type=\"heading.default\">\n\t\t\t\t<div class=\"elementor-widget-container\">\n\t\t\t<h3 class=\"elementor-heading-title elementor-size-default\">\u00bfYa est\u00e1s registrado?<\/h3>\t\t<\/div>\n\t\t\t\t<\/div>\n\t\t\t\t<div class=\"elementor-element elementor-element-245ef7e elementor-widget elementor-widget-text-editor\" data-id=\"245ef7e\" data-element_type=\"widget\" data-widget_type=\"text-editor.default\">\n\t\t\t\t<div class=\"elementor-widget-container\">\n\t\t\t\t\t\t\t<p>Inicie sesi\u00f3n ingresando su nombre de usuario o correo y contrase\u00f1a.<\/p>\n\t\t\t\t\t\t<\/div>\n\t\t\t\t<\/div>\n\t\t\t\t<div class=\"elementor-element elementor-element-3abe168 elementor-widget elementor-widget-shortcode\" data-id=\"3abe168\" data-element_type=\"widget\" data-widget_type=\"shortcode.default\">\n\t\t\t\t<div class=\"elementor-widget-container\">\n\t\t\t\t\t<div class=\"elementor-shortcode\"><div id=\"wpmem_login\"><a id=\"login\"><\/a><form action=\"https:\/\/doctorfibs2.demo.kundera.misterketing.it\/es\/registrarse\/\" method=\"POST\" id=\"wpmem_login_form\" class=\"form\"><input type=\"hidden\" id=\"_wpmem_login_nonce\" name=\"_wpmem_login_nonce\" value=\"3d98fe4d8f\" \/><input type=\"hidden\" name=\"_wp_http_referer\" value=\"\/es\/wp-json\/wp\/v2\/pages\/3931\" \/><fieldset><legend>Acceso de usuarios existentes<\/legend><label for=\"log\">Nombre de usuario o correo electr\u00f3nico<\/label><div class=\"div_text\"><input name=\"log\" type=\"text\" id=\"log\" value=\"\" class=\"username\" required  \/><\/div><label for=\"pwd\">Contrase\u00f1a<\/label><div class=\"div_text\"><input name=\"pwd\" type=\"password\" id=\"pwd\" class=\"password\" required  \/><\/div><input name=\"a\" type=\"hidden\" value=\"login\" \/><input name=\"redirect_to\" type=\"hidden\" value=\"https:\/\/doctorfibs2.demo.kundera.misterketing.it\/es\/registrarse\/\" \/><div class=\"button_div\"><input name=\"rememberme\" type=\"checkbox\" id=\"rememberme\" value=\"forever\" \/>&nbsp;<label for=\"rememberme\">Recu\u00e9rdame<\/label>&nbsp;&nbsp;<input type=\"submit\" name=\"Submit\" value=\"Acceder\" class=\"buttons\" \/><\/div><div class=\"link-text\"><span class=\"link-text-forgot\">\u00bfOlvidaste tu contrase\u00f1a?&nbsp;<a href=\"https:\/\/doctorfibs2.demo.kundera.misterketing.it\/es\/account\/?a=pwdreset\">Haz clic para restablecer<\/a><\/span><\/div><\/fieldset><\/form><\/div><\/div>\n\t\t\t\t<\/div>\n\t\t\t\t<\/div>\n\t\t\t\t\t<\/div>\n\t\t<\/div>\n\t\t\t\t<div class=\"elementor-column elementor-col-50 elementor-top-column elementor-element elementor-element-55a6a39\" data-id=\"55a6a39\" data-element_type=\"column\">\n\t\t\t<div class=\"elementor-widget-wrap elementor-element-populated\">\n\t\t\t\t\t\t\t\t<div class=\"elementor-element elementor-element-56e56cf elementor-widget elementor-widget-heading\" data-id=\"56e56cf\" data-element_type=\"widget\" data-widget_type=\"heading.default\">\n\t\t\t\t<div class=\"elementor-widget-container\">\n\t\t\t<h3 class=\"elementor-heading-title elementor-size-default\">\u00bfA\u00fan no est\u00e1s registrado?<\/h3>\t\t<\/div>\n\t\t\t\t<\/div>\n\t\t\t\t<div class=\"elementor-element elementor-element-8d21ef1 elementor-widget elementor-widget-text-editor\" data-id=\"8d21ef1\" data-element_type=\"widget\" data-widget_type=\"text-editor.default\">\n\t\t\t\t<div class=\"elementor-widget-container\">\n\t\t\t\t\t\t\t<p>Reg\u00edstrese para acceder a los contenidos de su m\u00e9dico de FIBS.<\/p>\n\t\t\t\t\t\t<\/div>\n\t\t\t\t<\/div>\n\t\t\t\t<div class=\"elementor-element elementor-element-914ade3 elementor-widget elementor-widget-shortcode\" data-id=\"914ade3\" data-element_type=\"widget\" data-widget_type=\"shortcode.default\">\n\t\t\t\t<div class=\"elementor-widget-container\">\n\t\t\t\t\t<div class=\"elementor-shortcode\"><div id=\"wpmem_reg\"><a id=\"register\"><\/a><form name=\"form\" method=\"post\" action=\"https:\/\/doctorfibs2.demo.kundera.misterketing.it\/es\/registrarse\/\" id=\"wpmem_register_form\" class=\"form\"><input type=\"hidden\" id=\"_wpmem_register_nonce\" name=\"_wpmem_register_nonce\" value=\"52079e4e13\" \/><input type=\"hidden\" name=\"_wp_http_referer\" value=\"\/es\/wp-json\/wp\/v2\/pages\/3931\" \/><fieldset><legend>Registro de un nuevo usuario<\/legend><label for=\"username\" class=\"text\">Elige un nombre de usuario<span class=\"req\">*<\/span><\/label><div class=\"div_text\"><input name=\"username\" type=\"text\" id=\"username\" value=\"\" class=\"textbox\" required  \/><\/div><label for=\"first_name\" class=\"text\">Nombre<span class=\"req\">*<\/span><\/label><div class=\"div_text\"><input name=\"first_name\" type=\"text\" id=\"first_name\" value=\"\" class=\"textbox\" required  \/><\/div><label for=\"last_name\" class=\"text\">Apellidos<span class=\"req\">*<\/span><\/label><div class=\"div_text\"><input name=\"last_name\" type=\"text\" id=\"last_name\" value=\"\" class=\"textbox\" required  \/><\/div><label for=\"user_email\" class=\"text\">Correo electr\u00f3nico<span class=\"req\">*<\/span><\/label><div class=\"div_text\"><input name=\"user_email\" type=\"email\" id=\"user_email\" value=\"\" class=\"textbox\" required  \/><\/div><label for=\"confirm_email\" class=\"text\">Confirmar correo electr\u00f3nico<span class=\"req\">*<\/span><\/label><div class=\"div_text\"><input name=\"confirm_email\" type=\"email\" id=\"confirm_email\" value=\"\" class=\"textbox\" required  \/><\/div><label for=\"password\" class=\"text\">Contrase\u00f1a<span class=\"req\">*<\/span><\/label><div class=\"div_text\"><input name=\"password\" type=\"password\" id=\"password\" class=\"textbox\" required  \/><\/div><label for=\"confirm_password\" class=\"text\">Confirmar contrase\u00f1a<span class=\"req\">*<\/span><\/label><div class=\"div_text\"><input name=\"confirm_password\" type=\"password\" id=\"confirm_password\" class=\"textbox\" required  \/><\/div><label for=\"grado_conoscenza\" class=\"select\">Grado de conocimiento del Juego<span class=\"req\">*<\/span><\/label><div class=\"div_select\"><select name=\"grado_conoscenza\" id=\"grado_conoscenza\" class=\"dropdown\" required ><option value=\"\">---- Seleziona ----<\/option><option value=\"basso\">Basso<\/option><option value=\"medio\">Medio<\/option><option value=\"alto\">Alto<\/option><option value=\"giocatore\">Giocatore<\/option><option value=\"tecnico\">Tecnico<\/option><option value=\"arbitro\">Arbitro<\/option><\/select><\/div><div class=\"div_text\"><input name=\"tos\" type=\"checkbox\" id=\"tos\" value=\"agree\" required  \/> <a href=\"https:\/\/doctorfibs2.demo.kundera.misterketing.it\/es\/privacy-policy\/\" target=\"_blank\">Aceptar el procesamiento de datos personales de acuerdo con el Reglamento Europeo (UE) 2016\/679 (el llamado GDPR).<\/a><span class=\"req\">*<\/span><\/div><input type=\"hidden\" id=\"ct_checkjs_register_form_39461a19e9eddfb385ea76b26521ea48\" name=\"ct_checkjs_register_form\" value=\"0\" \/><script>setTimeout(function(){var ct_input_name = \"ct_checkjs_register_form_39461a19e9eddfb385ea76b26521ea48\";if (document.getElementById(ct_input_name) !== null) {var ct_input_value = document.getElementById(ct_input_name).value;document.getElementById(ct_input_name).value = document.getElementById(ct_input_name).value.replace(ct_input_value, '1480097981');}}, 1000);<\/script><label class=\"apbct_special_field\" id=\"apbct_label_id58325\" for=\"apbct__email_id__wp_register_58325\">58325<\/label><input         id=\"apbct__email_id__wp_register_58325\"         class=\"apbct_special_field apbct__email_id__wp_register\"        autocomplete=\"off\"         name=\"apbct__email_id__wp_register_58325\"          type=\"text\"         value=\"58325\"         size=\"30\"         apbct_event_id=\"58325\"        maxlength=\"200\"     \/><input         id=\"apbct_event_id\"        class=\"apbct_special_field\"        name=\"apbct_event_id\"        type=\"hidden\"         value=\"58325\"             \/><input name=\"a\" type=\"hidden\" value=\"register\" \/><input name=\"wpmem_reg_page\" type=\"hidden\" value=\"https:\/\/doctorfibs2.demo.kundera.misterketing.it\/es\/registrarse\/\" \/><div class=\"button_div\"><input name=\"submit\" type=\"submit\" value=\"Registro\" class=\"buttons\" \/><\/div><div class=\"req-text\"><span class=\"req\">*<\/span>Campo necesario<\/div><\/fieldset><\/form><\/div><\/div>\n\t\t\t\t<\/div>\n\t\t\t\t<\/div>\n\t\t\t\t\t<\/div>\n\t\t<\/div>\n\t\t\t\t\t\t\t<\/div>\n\t\t<\/section>\n\t\t\t\t<section data-particle_enable=\"false\" data-particle-mobile-disabled=\"false\" class=\"elementor-section elementor-top-section elementor-element elementor-element-7d4d73d elementor-section-boxed elementor-section-height-default elementor-section-height-default\" data-id=\"7d4d73d\" data-element_type=\"section\" data-settings=\"{&quot;background_background&quot;:&quot;classic&quot;}\">\n\t\t\t\t\t\t<div class=\"elementor-container elementor-column-gap-default\">\n\t\t\t\t\t<div class=\"elementor-column elementor-col-25 elementor-top-column elementor-element elementor-element-8e49b00\" data-id=\"8e49b00\" data-element_type=\"column\">\n\t\t\t<div class=\"elementor-widget-wrap\">\n\t\t\t\t\t\t\t\t\t<\/div>\n\t\t<\/div>\n\t\t\t\t<div class=\"elementor-column elementor-col-50 elementor-top-column elementor-element elementor-element-ea5aa43\" data-id=\"ea5aa43\" data-element_type=\"column\" data-settings=\"{&quot;background_background&quot;:&quot;classic&quot;}\">\n\t\t\t<div class=\"elementor-widget-wrap elementor-element-populated\">\n\t\t\t\t\t\t\t\t<div class=\"elementor-element elementor-element-44879bb elementor-hidden-desktop elementor-hidden-tablet elementor-hidden-phone elementor-widget elementor-widget-heading\" data-id=\"44879bb\" data-element_type=\"widget\" data-widget_type=\"heading.default\">\n\t\t\t\t<div class=\"elementor-widget-container\">\n\t\t\t<h3 class=\"elementor-heading-title elementor-size-default\">\u00bfYa est\u00e1s registrado?<\/h3>\t\t<\/div>\n\t\t\t\t<\/div>\n\t\t\t\t<div class=\"elementor-element elementor-element-e6010c1 elementor-hidden-desktop elementor-hidden-tablet elementor-hidden-phone elementor-widget elementor-widget-text-editor\" data-id=\"e6010c1\" data-element_type=\"widget\" data-widget_type=\"text-editor.default\">\n\t\t\t\t<div class=\"elementor-widget-container\">\n\t\t\t\t\t\t\t<p>Inicie sesi\u00f3n ingresando su nombre de usuario o correo electr\u00f3nico y contrase\u00f1a.<\/p>\n\t\t\t\t\t\t<\/div>\n\t\t\t\t<\/div>\n\t\t\t\t<div class=\"elementor-element elementor-element-33eef00 elementor-widget elementor-widget-shortcode\" data-id=\"33eef00\" data-element_type=\"widget\" data-widget_type=\"shortcode.default\">\n\t\t\t\t<div class=\"elementor-widget-container\">\n\t\t\t\t\t<div class=\"elementor-shortcode\"><div id=\"wpmem_login\"><a id=\"login\"><\/a><form action=\"https:\/\/doctorfibs2.demo.kundera.misterketing.it\/es\/registrarse\/\" method=\"POST\" id=\"wpmem_login_form\" class=\"form\"><input type=\"hidden\" id=\"_wpmem_login_nonce\" name=\"_wpmem_login_nonce\" value=\"3d98fe4d8f\" \/><input type=\"hidden\" name=\"_wp_http_referer\" value=\"\/es\/wp-json\/wp\/v2\/pages\/3931\" \/><fieldset><legend>Acceso de usuarios existentes<\/legend><label for=\"log\">Nombre de usuario o correo electr\u00f3nico<\/label><div class=\"div_text\"><input name=\"log\" type=\"text\" id=\"log\" value=\"\" class=\"username\" required  \/><\/div><label for=\"pwd\">Contrase\u00f1a<\/label><div class=\"div_text\"><input name=\"pwd\" type=\"password\" id=\"pwd\" class=\"password\" required  \/><\/div><input name=\"a\" type=\"hidden\" value=\"login\" \/><input name=\"redirect_to\" type=\"hidden\" value=\"https:\/\/doctorfibs2.demo.kundera.misterketing.it\/es\/registrarse\/\" \/><div class=\"button_div\"><input name=\"rememberme\" type=\"checkbox\" id=\"rememberme\" value=\"forever\" \/>&nbsp;<label for=\"rememberme\">Recu\u00e9rdame<\/label>&nbsp;&nbsp;<input type=\"submit\" name=\"Submit\" value=\"Acceder\" class=\"buttons\" \/><\/div><div class=\"link-text\"><span class=\"link-text-forgot\">\u00bfOlvidaste tu contrase\u00f1a?&nbsp;<a href=\"https:\/\/doctorfibs2.demo.kundera.misterketing.it\/es\/account\/?a=pwdreset\">Haz clic para restablecer<\/a><\/span><\/div><\/fieldset><\/form><\/div><\/div>\n\t\t\t\t<\/div>\n\t\t\t\t<\/div>\n\t\t\t\t\t<\/div>\n\t\t<\/div>\n\t\t\t\t<div class=\"elementor-column elementor-col-25 elementor-top-column elementor-element elementor-element-ae210c2\" data-id=\"ae210c2\" data-element_type=\"column\">\n\t\t\t<div class=\"elementor-widget-wrap\">\n\t\t\t\t\t\t\t\t\t<\/div>\n\t\t<\/div>\n\t\t\t\t\t\t\t<\/div>\n\t\t<\/section>\n\t\t\t\t\t\t\t<\/div>\n\t\t","protected":false},"excerpt":{"rendered":"<p>Doctor FIBS Manual Electr\u00f3nico Multimedia. Todo lo que siempre quiso saber sobre b\u00e9isbol, s\u00f3ftbol, \u200b\u200bb\u00e9isbol para ciegos y b\u00e9isbol 5, clasifique el partido, todo esto al alcance de un solo CLIC. \u00bfYa est\u00e1s registrado? Inicie sesi\u00f3n ingresando su nombre de usuario o correo y contrase\u00f1a. \u00bfA\u00fan no est\u00e1s registrado? Reg\u00edstrese para acceder a los contenidos&hellip;<\/p>\n","protected":false},"author":1,"featured_media":0,"parent":0,"menu_order":0,"comment_status":"closed","ping_status":"closed","template":"","meta":{"_relevanssi_hide_post":"","_relevanssi_hide_content":"","_relevanssi_pin_for_all":"","_relevanssi_pin_keywords":"","_relevanssi_unpin_keywords":"","_relevanssi_related_keywords":"","_relevanssi_related_include_ids":"","_relevanssi_related_exclude_ids":"","_relevanssi_related_no_append":"","_relevanssi_related_not_related":"","_relevanssi_related_posts":"","_relevanssi_noindex_reason":"","footnotes":""},"yoast_head":"<!-- This site is optimized with the Yoast SEO plugin v21.1 - https:\/\/yoast.com\/wordpress\/plugins\/seo\/ -->\n<title>Registrarse - Doctor FIBS<\/title>\n<meta name=\"robots\" content=\"noindex, follow, max-snippet:-1, max-image-preview:large, max-video-preview:-1\" \/>\n<meta property=\"og:locale\" content=\"es_ES\" \/>\n<meta property=\"og:type\" content=\"article\" \/>\n<meta property=\"og:title\" content=\"Registrarse - Doctor FIBS\" \/>\n<meta property=\"og:description\" content=\"Doctor FIBS Manual Electr\u00f3nico Multimedia. Todo lo que siempre quiso saber sobre b\u00e9isbol, s\u00f3ftbol, \u200b\u200bb\u00e9isbol para ciegos y b\u00e9isbol 5, clasifique el partido, todo esto al alcance de un solo CLIC. \u00bfYa est\u00e1s registrado? Inicie sesi\u00f3n ingresando su nombre de usuario o correo y contrase\u00f1a. \u00bfA\u00fan no est\u00e1s registrado? Reg\u00edstrese para acceder a los contenidos&hellip;\" \/>\n<meta property=\"og:url\" content=\"https:\/\/doctorfibs2.demo.kundera.misterketing.it\/es\/registrarse\/\" \/>\n<meta property=\"og:site_name\" content=\"Doctor FIBS\" \/>\n<meta property=\"article:modified_time\" content=\"2021-12-18T19:56:16+00:00\" \/>\n<meta name=\"twitter:card\" content=\"summary_large_image\" \/>\n<meta name=\"twitter:label1\" content=\"Tiempo de lectura\" \/>\n\t<meta name=\"twitter:data1\" content=\"1 minuto\" \/>\n<script type=\"application\/ld+json\" class=\"yoast-schema-graph\">{\"@context\":\"https:\/\/schema.org\",\"@graph\":[{\"@type\":\"WebPage\",\"@id\":\"https:\/\/doctorfibs2.demo.kundera.misterketing.it\/es\/registrarse\/\",\"url\":\"https:\/\/doctorfibs2.demo.kundera.misterketing.it\/es\/registrarse\/\",\"name\":\"Registrarse - Doctor FIBS\",\"isPartOf\":{\"@id\":\"https:\/\/doctorfibs2.demo.kundera.misterketing.it\/#website\"},\"datePublished\":\"2021-03-16T09:12:06+00:00\",\"dateModified\":\"2021-12-18T19:56:16+00:00\",\"breadcrumb\":{\"@id\":\"https:\/\/doctorfibs2.demo.kundera.misterketing.it\/es\/registrarse\/#breadcrumb\"},\"inLanguage\":\"es\",\"potentialAction\":[{\"@type\":\"ReadAction\",\"target\":[\"https:\/\/doctorfibs2.demo.kundera.misterketing.it\/es\/registrarse\/\"]}]},{\"@type\":\"BreadcrumbList\",\"@id\":\"https:\/\/doctorfibs2.demo.kundera.misterketing.it\/es\/registrarse\/#breadcrumb\",\"itemListElement\":[{\"@type\":\"ListItem\",\"position\":1,\"name\":\"Home\",\"item\":\"https:\/\/doctorfibs2.demo.kundera.misterketing.it\/es\/\"},{\"@type\":\"ListItem\",\"position\":2,\"name\":\"Registrarse\"}]},{\"@type\":\"WebSite\",\"@id\":\"https:\/\/doctorfibs2.demo.kundera.misterketing.it\/#website\",\"url\":\"https:\/\/doctorfibs2.demo.kundera.misterketing.it\/\",\"name\":\"Doctor FIBS\",\"description\":\"Regole Baseball, Softball, Baseball per ciechi, Baseball 5\",\"publisher\":{\"@id\":\"https:\/\/doctorfibs2.demo.kundera.misterketing.it\/#organization\"},\"potentialAction\":[{\"@type\":\"SearchAction\",\"target\":{\"@type\":\"EntryPoint\",\"urlTemplate\":\"https:\/\/doctorfibs2.demo.kundera.misterketing.it\/?s={search_term_string}\"},\"query-input\":\"required name=search_term_string\"}],\"inLanguage\":\"es\"},{\"@type\":\"Organization\",\"@id\":\"https:\/\/doctorfibs2.demo.kundera.misterketing.it\/#organization\",\"name\":\"Doctor FIBS\",\"url\":\"https:\/\/doctorfibs2.demo.kundera.misterketing.it\/\",\"logo\":{\"@type\":\"ImageObject\",\"inLanguage\":\"es\",\"@id\":\"https:\/\/doctorfibs2.demo.kundera.misterketing.it\/#\/schema\/logo\/image\/\",\"url\":\"https:\/\/doctorfibs2.demo.kundera.misterketing.it\/wp-content\/uploads\/2021\/06\/doctorFibs-logo.png\",\"contentUrl\":\"https:\/\/doctorfibs2.demo.kundera.misterketing.it\/wp-content\/uploads\/2021\/06\/doctorFibs-logo.png\",\"width\":250,\"height\":126,\"caption\":\"Doctor FIBS\"},\"image\":{\"@id\":\"https:\/\/doctorfibs2.demo.kundera.misterketing.it\/#\/schema\/logo\/image\/\"}}]}<\/script>\n<!-- \/ Yoast SEO plugin. -->","yoast_head_json":{"title":"Registrarse - Doctor FIBS","robots":{"index":"noindex","follow":"follow","max-snippet":"max-snippet:-1","max-image-preview":"max-image-preview:large","max-video-preview":"max-video-preview:-1"},"og_locale":"es_ES","og_type":"article","og_title":"Registrarse - Doctor FIBS","og_description":"Doctor FIBS Manual Electr\u00f3nico Multimedia. Todo lo que siempre quiso saber sobre b\u00e9isbol, s\u00f3ftbol, \u200b\u200bb\u00e9isbol para ciegos y b\u00e9isbol 5, clasifique el partido, todo esto al alcance de un solo CLIC. \u00bfYa est\u00e1s registrado? Inicie sesi\u00f3n ingresando su nombre de usuario o correo y contrase\u00f1a. \u00bfA\u00fan no est\u00e1s registrado? Reg\u00edstrese para acceder a los contenidos&hellip;","og_url":"https:\/\/doctorfibs2.demo.kundera.misterketing.it\/es\/registrarse\/","og_site_name":"Doctor FIBS","article_modified_time":"2021-12-18T19:56:16+00:00","twitter_card":"summary_large_image","twitter_misc":{"Tiempo de lectura":"1 minuto"},"schema":{"@context":"https:\/\/schema.org","@graph":[{"@type":"WebPage","@id":"https:\/\/doctorfibs2.demo.kundera.misterketing.it\/es\/registrarse\/","url":"https:\/\/doctorfibs2.demo.kundera.misterketing.it\/es\/registrarse\/","name":"Registrarse - Doctor FIBS","isPartOf":{"@id":"https:\/\/doctorfibs2.demo.kundera.misterketing.it\/#website"},"datePublished":"2021-03-16T09:12:06+00:00","dateModified":"2021-12-18T19:56:16+00:00","breadcrumb":{"@id":"https:\/\/doctorfibs2.demo.kundera.misterketing.it\/es\/registrarse\/#breadcrumb"},"inLanguage":"es","potentialAction":[{"@type":"ReadAction","target":["https:\/\/doctorfibs2.demo.kundera.misterketing.it\/es\/registrarse\/"]}]},{"@type":"BreadcrumbList","@id":"https:\/\/doctorfibs2.demo.kundera.misterketing.it\/es\/registrarse\/#breadcrumb","itemListElement":[{"@type":"ListItem","position":1,"name":"Home","item":"https:\/\/doctorfibs2.demo.kundera.misterketing.it\/es\/"},{"@type":"ListItem","position":2,"name":"Registrarse"}]},{"@type":"WebSite","@id":"https:\/\/doctorfibs2.demo.kundera.misterketing.it\/#website","url":"https:\/\/doctorfibs2.demo.kundera.misterketing.it\/","name":"Doctor FIBS","description":"Regole Baseball, Softball, Baseball per ciechi, Baseball 5","publisher":{"@id":"https:\/\/doctorfibs2.demo.kundera.misterketing.it\/#organization"},"potentialAction":[{"@type":"SearchAction","target":{"@type":"EntryPoint","urlTemplate":"https:\/\/doctorfibs2.demo.kundera.misterketing.it\/?s={search_term_string}"},"query-input":"required name=search_term_string"}],"inLanguage":"es"},{"@type":"Organization","@id":"https:\/\/doctorfibs2.demo.kundera.misterketing.it\/#organization","name":"Doctor FIBS","url":"https:\/\/doctorfibs2.demo.kundera.misterketing.it\/","logo":{"@type":"ImageObject","inLanguage":"es","@id":"https:\/\/doctorfibs2.demo.kundera.misterketing.it\/#\/schema\/logo\/image\/","url":"https:\/\/doctorfibs2.demo.kundera.misterketing.it\/wp-content\/uploads\/2021\/06\/doctorFibs-logo.png","contentUrl":"https:\/\/doctorfibs2.demo.kundera.misterketing.it\/wp-content\/uploads\/2021\/06\/doctorFibs-logo.png","width":250,"height":126,"caption":"Doctor FIBS"},"image":{"@id":"https:\/\/doctorfibs2.demo.kundera.misterketing.it\/#\/schema\/logo\/image\/"}}]}},"_links":{"self":[{"href":"https:\/\/doctorfibs2.demo.kundera.misterketing.it\/es\/wp-json\/wp\/v2\/pages\/3931"}],"collection":[{"href":"https:\/\/doctorfibs2.demo.kundera.misterketing.it\/es\/wp-json\/wp\/v2\/pages"}],"about":[{"href":"https:\/\/doctorfibs2.demo.kundera.misterketing.it\/es\/wp-json\/wp\/v2\/types\/page"}],"author":[{"embeddable":true,"href":"https:\/\/doctorfibs2.demo.kundera.misterketing.it\/es\/wp-json\/wp\/v2\/users\/1"}],"replies":[{"embeddable":true,"href":"https:\/\/doctorfibs2.demo.kundera.misterketing.it\/es\/wp-json\/wp\/v2\/comments?post=3931"}],"version-history":[{"count":38,"href":"https:\/\/doctorfibs2.demo.kundera.misterketing.it\/es\/wp-json\/wp\/v2\/pages\/3931\/revisions"}],"predecessor-version":[{"id":17015,"href":"https:\/\/doctorfibs2.demo.kundera.misterketing.it\/es\/wp-json\/wp\/v2\/pages\/3931\/revisions\/17015"}],"wp:attachment":[{"href":"https:\/\/doctorfibs2.demo.kundera.misterketing.it\/es\/wp-json\/wp\/v2\/media?parent=3931"}],"curies":[{"name":"wp","href":"https:\/\/api.w.org\/{rel}","templated":true}]}}